{"id":92,"date":"2023-10-19T12:32:33","date_gmt":"2023-10-19T10:32:33","guid":{"rendered":"https:\/\/unterkunft-brannenburg.de\/?page_id=92"},"modified":"2023-10-19T12:54:24","modified_gmt":"2023-10-19T10:54:24","slug":"impressum","status":"publish","type":"page","link":"https:\/\/unterkunft-brannenburg.de\/?page_id=92","title":{"rendered":"Impressum"},"content":{"rendered":"<style>.kb-row-layout-id92_20aafa-04 > .kt-row-column-wrap{align-content:start;}:where(.kb-row-layout-id92_20aafa-04 > .kt-row-column-wrap) > .wp-block-kadence-column{justify-content:start;}.kb-row-layout-id92_20aafa-04 > .kt-row-column-wrap{column-gap:var(--global-kb-gap-md, 2rem);row-gap:var(--global-kb-gap-md, 2rem);max-width:1200px;margin-left:auto;margin-right:auto;padding-top:150px;padding-right:25px;padding-bottom:150px;padding-left:25px;grid-template-columns:minmax(0, 1fr);}.kb-row-layout-id92_20aafa-04{background-image:url('https:\/\/unterkunft-brannenburg.de\/wp-content\/uploads\/2023\/10\/20230928_080124-scaled.jpg');background-size:cover;background-position:right center;background-attachment:scroll;background-repeat:no-repeat;}.kb-row-layout-id92_20aafa-04 > .kt-row-layout-overlay{opacity:1;background:linear-gradient(104deg, #000000 0%, rgba(255, 255, 255, 0) 69%);}.kb-row-layout-id92_20aafa-04 ,.kb-row-layout-id92_20aafa-04 h1,.kb-row-layout-id92_20aafa-04 h2,.kb-row-layout-id92_20aafa-04 h3,.kb-row-layout-id92_20aafa-04 h4,.kb-row-layout-id92_20aafa-04 h5,.kb-row-layout-id92_20aafa-04 h6{color:#ffffff;}@media all and (max-width: 1024px){.kb-row-layout-id92_20aafa-04 > .kt-row-column-wrap{grid-template-columns:minmax(0, 1fr);}}@media all and (max-width: 767px){.kb-row-layout-id92_20aafa-04 > .kt-row-column-wrap{padding-top:50px;padding-bottom:80px;grid-template-columns:minmax(0, 1fr);}.kb-row-layout-wrap.wp-block-kadence-rowlayout.kb-row-layout-id92_20aafa-04{background-image:url('https:\/\/unterkunft-brannenburg.de\/wp-content\/uploads\/2023\/10\/hero-mobile.jpg');background-size:cover;background-position:center center;background-attachment:scroll;background-repeat:no-repeat;}.kb-row-layout-id92_20aafa-04 > .kt-row-layout-overlay{opacity:0.50;background:#000000;}}<\/style><div class=\"kb-row-layout-wrap kb-row-layout-id92_20aafa-04 alignfull kt-row-has-bg wp-block-kadence-rowlayout\"><div class=\"kt-row-layout-overlay kt-row-overlay-gradient\"><\/div><div class=\"kt-row-column-wrap kt-has-1-columns kt-row-layout-equal kt-tab-layout-inherit kt-mobile-layout-row kt-row-valign-top\">\n<style>.kadence-column92_7c2d41-0b > .kt-inside-inner-col,.kadence-column92_7c2d41-0b > .kt-inside-inner-col:before{border-top-left-radius:0px;border-top-right-radius:0px;border-bottom-right-radius:0px;border-bottom-left-radius:0px;}.kadence-column92_7c2d41-0b > .kt-inside-inner-col{column-gap:var(--global-kb-gap-sm, 1rem);}.kadence-column92_7c2d41-0b > .kt-inside-inner-col{flex-direction:column;}.kadence-column92_7c2d41-0b > .kt-inside-inner-col > .aligncenter{width:100%;}.kadence-column92_7c2d41-0b > .kt-inside-inner-col:before{opacity:0.3;}.kadence-column92_7c2d41-0b{position:relative;}@media all and (max-width: 1024px){.kadence-column92_7c2d41-0b > .kt-inside-inner-col{flex-direction:column;justify-content:center;}}@media all and (max-width: 767px){.kadence-column92_7c2d41-0b > .kt-inside-inner-col{flex-direction:column;justify-content:center;}}<\/style>\n<div class=\"wp-block-kadence-column kadence-column92_7c2d41-0b kb-section-dir-vertical inner-column-1\"><div class=\"kt-inside-inner-col\"><style>.wp-block-kadence-advancedheading.kt-adv-heading92_2f5ab8-15, .wp-block-kadence-advancedheading.kt-adv-heading92_2f5ab8-15[data-kb-block=\"kb-adv-heading92_2f5ab8-15\"]{margin-top:2px;margin-bottom:2px;text-align:left;font-size:60px;line-height:1.2em;font-weight:900;font-style:normal;font-family:Roboto;text-transform:none;color:#ffffff;text-shadow:1px 1px 1px rgba(0, 0, 0, 0.2);}.wp-block-kadence-advancedheading.kt-adv-heading92_2f5ab8-15 mark.kt-highlight, .wp-block-kadence-advancedheading.kt-adv-heading92_2f5ab8-15[data-kb-block=\"kb-adv-heading92_2f5ab8-15\"] mark.kt-highlight{font-weight:normal;font-style:normal;color:#f76a0c;-webkit-box-decoration-break:clone;box-decoration-break:clone;padding-top:0px;padding-right:0px;padding-bottom:0px;padding-left:0px;}.wp-block-kadence-advancedheading.kt-adv-heading92_2f5ab8-15 img.kb-inline-image, .wp-block-kadence-advancedheading.kt-adv-heading92_2f5ab8-15[data-kb-block=\"kb-adv-heading92_2f5ab8-15\"] img.kb-inline-image{width:150px;vertical-align:baseline;}@media all and (max-width: 1024px){.wp-block-kadence-advancedheading.kt-adv-heading92_2f5ab8-15, .wp-block-kadence-advancedheading.kt-adv-heading92_2f5ab8-15[data-kb-block=\"kb-adv-heading92_2f5ab8-15\"]{text-shadow:1px 1px 1px rgba(0, 0, 0, 0.2);}}@media all and (max-width: 767px){.wp-block-kadence-advancedheading.kt-adv-heading92_2f5ab8-15, .wp-block-kadence-advancedheading.kt-adv-heading92_2f5ab8-15[data-kb-block=\"kb-adv-heading92_2f5ab8-15\"]{text-shadow:1px 1px 1px rgba(0, 0, 0, 0.2);}}<\/style>\n<h1 class=\"kt-adv-heading92_2f5ab8-15 wp-block-kadence-advancedheading\" data-kb-block=\"kb-adv-heading92_2f5ab8-15\">Impressum<\/h1>\n<\/div><\/div>\n\n<\/div><\/div>\n\n<style>.kb-row-layout-wrap.wp-block-kadence-rowlayout.kb-row-layout-id92_feeede-78{margin-top:0px;margin-bottom:0px;}.kb-row-layout-id92_feeede-78 > .kt-row-column-wrap{align-content:center;}:where(.kb-row-layout-id92_feeede-78 > .kt-row-column-wrap) > .wp-block-kadence-column{justify-content:center;}.kb-row-layout-id92_feeede-78 > .kt-row-column-wrap{column-gap:var(--global-kb-gap-md, 2rem);row-gap:var(--global-kb-gap-md, 2rem);padding-top:0px;padding-bottom:0px;grid-template-columns:minmax(0, 1fr);}.kb-row-layout-id92_feeede-78 > .kt-row-layout-overlay{opacity:0.30;}@media all and (max-width: 1024px){.kb-row-layout-id92_feeede-78 > .kt-row-column-wrap{grid-template-columns:minmax(0, 1fr);}}@media all and (max-width: 767px){.kb-row-layout-id92_feeede-78 > .kt-row-column-wrap{grid-template-columns:minmax(0, 1fr);}}<\/style><div class=\"kb-row-layout-wrap kb-row-layout-id92_feeede-78 alignfull has-theme-palette9-background-color kt-row-has-bg wp-block-kadence-rowlayout\"><div class=\"kt-row-column-wrap kt-has-1-columns kt-row-layout-equal kt-tab-layout-inherit kt-mobile-layout-row kt-row-valign-middle\">\n<style>.kadence-column92_4d2c4a-74 > .kt-inside-inner-col,.kadence-column92_4d2c4a-74 > .kt-inside-inner-col:before{border-top-left-radius:0px;border-top-right-radius:0px;border-bottom-right-radius:0px;border-bottom-left-radius:0px;}.kadence-column92_4d2c4a-74 > .kt-inside-inner-col{column-gap:var(--global-kb-gap-sm, 1rem);}.kadence-column92_4d2c4a-74 > .kt-inside-inner-col{flex-direction:column;}.kadence-column92_4d2c4a-74 > .kt-inside-inner-col > .aligncenter{width:100%;}.kadence-column92_4d2c4a-74 > .kt-inside-inner-col:before{opacity:0.3;}.kadence-column92_4d2c4a-74{position:relative;}@media all and (max-width: 1024px){.kadence-column92_4d2c4a-74 > .kt-inside-inner-col{flex-direction:column;justify-content:center;}}@media all and (max-width: 767px){.kadence-column92_4d2c4a-74 > .kt-inside-inner-col{flex-direction:column;justify-content:center;}}<\/style>\n<div class=\"wp-block-kadence-column kadence-column92_4d2c4a-74 inner-column-1\"><div class=\"kt-inside-inner-col\"><style>.kb-row-layout-wrap.wp-block-kadence-rowlayout.kb-row-layout-id92_4471a0-6c{margin-top:0px;}.kb-row-layout-id92_4471a0-6c > .kt-row-column-wrap{align-content:start;}:where(.kb-row-layout-id92_4471a0-6c > .kt-row-column-wrap) > .wp-block-kadence-column{justify-content:start;}.kb-row-layout-id92_4471a0-6c > .kt-row-column-wrap{column-gap:var(--global-kb-gap-lg, 4rem);row-gap:var(--global-kb-gap-md, 2rem);max-width:1600px;margin-left:auto;margin-right:auto;padding-top:0px;padding-right:0px;padding-bottom:0px;padding-left:0px;grid-template-columns:minmax(0, 1fr);}.kb-row-layout-id92_4471a0-6c > .kt-row-layout-overlay{opacity:0.30;}.kb-row-layout-id92_4471a0-6c ,.kb-row-layout-id92_4471a0-6c h1,.kb-row-layout-id92_4471a0-6c h2,.kb-row-layout-id92_4471a0-6c h3,.kb-row-layout-id92_4471a0-6c h4,.kb-row-layout-id92_4471a0-6c h5,.kb-row-layout-id92_4471a0-6c h6{color:#ffffff;}.kb-row-layout-id92_4471a0-6c a{color:#ffffff;}.kb-row-layout-id92_4471a0-6c a:hover{color:#ffffff;}@media all and (max-width: 1024px){.kb-row-layout-id92_4471a0-6c > .kt-row-column-wrap{grid-template-columns:minmax(0, 1fr);}}@media all and (max-width: 767px){.kb-row-layout-id92_4471a0-6c > .kt-row-column-wrap{grid-template-columns:minmax(0, 1fr);}}<\/style><div class=\"kb-row-layout-wrap kb-row-layout-id92_4471a0-6c alignnone has-theme-palette4-background-color kt-row-has-bg wp-block-kadence-rowlayout\"><div class=\"kt-row-column-wrap kt-has-1-columns kt-row-layout-equal kt-tab-layout-inherit kt-mobile-layout-row kt-row-valign-top\">\n<style>.kadence-column92_4ea545-51 > .kt-inside-inner-col{padding-top:var(--global-kb-spacing-xl, 4rem);}.kadence-column92_4ea545-51 > .kt-inside-inner-col,.kadence-column92_4ea545-51 > .kt-inside-inner-col:before{border-top-left-radius:0px;border-top-right-radius:0px;border-bottom-right-radius:0px;border-bottom-left-radius:0px;}.kadence-column92_4ea545-51 > .kt-inside-inner-col{column-gap:var(--global-kb-gap-sm, 1rem);}.kadence-column92_4ea545-51 > .kt-inside-inner-col{flex-direction:column;}.kadence-column92_4ea545-51 > .kt-inside-inner-col > .aligncenter{width:100%;}.kadence-column92_4ea545-51 > .kt-inside-inner-col:before{opacity:0.3;}.kadence-column92_4ea545-51{position:relative;}@media all and (max-width: 1024px){.kadence-column92_4ea545-51 > .kt-inside-inner-col{flex-direction:column;justify-content:center;}}@media all and (max-width: 767px){.kadence-column92_4ea545-51 > .kt-inside-inner-col{flex-direction:column;justify-content:center;}}<\/style>\n<div class=\"wp-block-kadence-column kadence-column92_4ea545-51\"><div class=\"kt-inside-inner-col\">\n<p><strong>Angaben gem\u00e4\u00df \u00a7 5 TMG<\/strong><br>Katharina Buchberger<br>Sudelfeldstra\u00dfe 23<br>83098 Brannenburg<\/p>\n\n\n\n<p><strong>Kontakt<\/strong><br>Telefon: +49 171 2662950<br>Kontaktformular: https:\/\/unterkunft-brannenburg.de<\/p>\n\n\n\n<p><strong>Streitschlichtung<\/strong><br>Die Europ\u00e4ische Kommission stellt eine Plattform zur Online-Streitbeilegung (OS) bereit: https:\/\/ec.europa.eu\/consumers\/odr.<br>Unsere E-Mail-Adresse finden Sie oben im Impressum.<br>Wir sind nicht bereit oder verpflichtet, an Streitbeilegungsverfahren vor einer Verbraucherschlichtungsstelle teilzunehmen.<\/p>\n\n\n\n<p><strong>Haftungsausschluss<\/strong><br>Haftung f\u00fcr Inhalte:<br>Als Diensteanbieter sind wir gem\u00e4\u00df \u00a7 7 Abs.1 TMG f\u00fcr eigene Inhalte auf diesen Seiten nach den allgemeinen Gesetzen verantwortlich. Nach \u00a7\u00a7 8 bis 10 TMG sind wir als Diensteanbieter jedoch nicht verpflichtet, \u00fcbermittelte oder gespeicherte fremde Informationen zu \u00fcberwachen oder nach Umst\u00e4nden zu forschen, die auf eine rechtswidrige T\u00e4tigkeit hinweisen. Verpflichtungen zur Entfernung oder Sperrung der Nutzung von Informationen nach den allgemeinen Gesetzen bleiben hiervon unber\u00fchrt. Eine diesbez\u00fcgliche Haftung ist jedoch erst ab dem Zeitpunkt der Kenntnis einer konkreten Rechtsverletzung m\u00f6glich. Bei Bekanntwerden von entsprechenden Rechtsverletzungen werden wir diese Inhalte umgehend entfernen.<\/p>\n\n\n\n<p>Haftung f\u00fcr Links:<br>Unser Angebot enth\u00e4lt Links zu externen Webseiten Dritter, auf deren Inhalte wir keinen Einfluss haben. Deshalb k\u00f6nnen wir f\u00fcr diese fremden Inhalte auch keine Gew\u00e4hr \u00fcbernehmen. F\u00fcr die Inhalte der verlinkten Seiten ist stets der jeweilige Anbieter oder Betreiber der Seiten verantwortlich. Die verlinkten Seiten wurden zum Zeitpunkt der Verlinkung auf m\u00f6gliche Rechtsverst\u00f6\u00dfe \u00fcberpr\u00fcft. Rechtswidrige Inhalte waren zum Zeitpunkt der Verlinkung nicht erkennbar. Eine permanente inhaltliche Kontrolle der verlinkten Seiten ist jedoch ohne konkrete Anhaltspunkte einer Rechtsverletzung nicht zumutbar. Bei Bekanntwerden von Rechtsverletzungen werden wir derartige Links umgehend entfernen.<\/p>\n\n\n\n<p>Urheberrecht:<br>Die durch die Seitenbetreiber erstellten Inhalte und Werke auf diesen Seiten unterliegen dem deutschen Urheberrecht. Die Vervielf\u00e4ltigung, Bearbeitung, Verbreitung und jede Art der Verwertung au\u00dferhalb der Grenzen des Urheberrechtes bed\u00fcrfen der schriftlichen Zustimmung des jeweiligen Autors bzw. Erstellers. Downloads und Kopien diesen Seiten sind nur f\u00fcr den privaten, nicht kommerziellen Gebrauch gestattet. Soweit die Inhalte auf diesen Seiten nicht vom Betreiber erstellt wurden, werden die Urheberrechte Dritter beachtet. Insbesondere werden Inhalte Dritter als solche gekennzeichnet. Sollten Sie trotzdem auf eine Urheberrechtsverletzung aufmerksam werden, bitten wir um einen entsprechenden Hinweis. Bei Bekanntwerden von Rechtsverletzungen werden wir derartige Inhalte umgehend entfernen.<\/p>\n\n\n\n<p>Datenschutz:<br>Die Nutzung unserer Webseiten ist in der Regel ohne Angabe personenbezogener Daten m\u00f6glich. Soweit auf unseren Seiten personenbezogene Daten (beispielsweise Name, Anschrift oder eMail-Adressen) erhoben werden, erfolgt dies, soweit m\u00f6glich, stets auf freiwilliger Basis. Diese Daten werden ohne Ihre ausdr\u00fcckliche Zustimmung nicht an Dritte weitergegeben.<\/p>\n\n\n\n<p>Wir weisen darauf hin, dass die Daten\u00fcbertragung im Internet (z.B. bei der Kommunikation per E-Mail) Sicherheitsl\u00fccken aufweisen kann. Ein l\u00fcckenloser Schutz der Daten vor dem Zugriff durch Dritte ist nicht m\u00f6glich.<\/p>\n\n\n\n<p>Der Nutzung von im Rahmen der Impressumspflicht ver\u00f6ffentlichten Kontaktdaten durch Dritte zur \u00dcbersendung von nicht ausdr\u00fccklich angeforderter Werbung und Informationsmaterialien wird hiermit ausdr\u00fccklich widersprochen. Die Betreiber der Seiten behalten sich ausdr\u00fccklich rechtliche Schritte im Falle der unverlangten Zusendung von Werbeinformationen, etwa durch Spam-Mails, vor.<\/p>\n\n\n\n<p>Quelle: https:\/\/www.e-recht24.de<\/p>\n<\/div><\/div>\n\n<\/div><\/div><\/div><\/div>\n\n<\/div><\/div>","protected":false},"excerpt":{"rendered":"<p>Impressum Angaben gem\u00e4\u00df \u00a7 5 TMGKatharina BuchbergerSudelfeldstra\u00dfe 2383098 Brannenburg KontaktTelefon: +49 171 2662950Kontaktformular: https:\/\/unterkunft-brannenburg.de StreitschlichtungDie Europ\u00e4ische Kommission stellt eine Plattform zur Online-Streitbeilegung (OS) bereit: https:\/\/ec.europa.eu\/consumers\/odr.Unsere E-Mail-Adresse finden Sie oben im Impressum.Wir sind nicht bereit oder verpflichtet, an Streitbeilegungsverfahren vor einer Verbraucherschlichtungsstelle teilzunehmen. HaftungsausschlussHaftung f\u00fcr Inhalte:Als Diensteanbieter sind wir gem\u00e4\u00df \u00a7 7 Abs.1 TMG f\u00fcr eigene&#8230;<\/p>\n","protected":false},"author":1,"featured_media":0,"parent":0,"menu_order":0,"comment_status":"closed","ping_status":"closed","template":"","meta":{"_kad_post_transparent":"","_kad_post_title":"hide","_kad_post_layout":"fullwidth","_kad_post_sidebar_id":"","_kad_post_content_style":"unboxed","_kad_post_vertical_padding":"hide","_kad_post_feature":"hide","_kad_post_feature_position":"","_kad_post_header":false,"_kad_post_footer":false,"_kad_post_classname":"","footnotes":""},"class_list":["post-92","page","type-page","status-publish","hentry"],"_links":{"self":[{"href":"https:\/\/unterkunft-brannenburg.de\/index.php?rest_route=\/wp\/v2\/pages\/92","targetHints":{"allow":["GET"]}}],"collection":[{"href":"https:\/\/unterkunft-brannenburg.de\/index.php?rest_route=\/wp\/v2\/pages"}],"about":[{"href":"https:\/\/unterkunft-brannenburg.de\/index.php?rest_route=\/wp\/v2\/types\/page"}],"author":[{"embeddable":true,"href":"https:\/\/unterkunft-brannenburg.de\/index.php?rest_route=\/wp\/v2\/users\/1"}],"replies":[{"embeddable":true,"href":"https:\/\/unterkunft-brannenburg.de\/index.php?rest_route=%2Fwp%2Fv2%2Fcomments&post=92"}],"version-history":[{"count":5,"href":"https:\/\/unterkunft-brannenburg.de\/index.php?rest_route=\/wp\/v2\/pages\/92\/revisions"}],"predecessor-version":[{"id":114,"href":"https:\/\/unterkunft-brannenburg.de\/index.php?rest_route=\/wp\/v2\/pages\/92\/revisions\/114"}],"wp:attachment":[{"href":"https:\/\/unterkunft-brannenburg.de\/index.php?rest_route=%2Fwp%2Fv2%2Fmedia&parent=92"}],"curies":[{"name":"wp","href":"https:\/\/api.w.org\/{rel}","templated":true}]}}