{"id":13,"date":"2019-12-21T02:05:42","date_gmt":"2019-12-21T01:05:42","guid":{"rendered":"https:\/\/demos.kadencewp.com\/blocks-store\/?page_id=8"},"modified":"2024-08-11T13:58:03","modified_gmt":"2024-08-11T11:58:03","slug":"start","status":"publish","type":"page","link":"https:\/\/unterkunft-brannenburg.de\/?page_id=13","title":{"rendered":"\u00dcbersicht"},"content":{"rendered":"<style>.kb-row-layout-id13_520a14-db > .kt-row-column-wrap{align-content:start;}:where(.kb-row-layout-id13_520a14-db > .kt-row-column-wrap) > .wp-block-kadence-column{justify-content:start;}.kb-row-layout-id13_520a14-db > .kt-row-column-wrap{column-gap:var(--global-kb-gap-md, 2rem);row-gap:var(--global-kb-gap-md, 2rem);max-width:1200px;margin-left:auto;margin-right:auto;padding-top:150px;padding-right:25px;padding-bottom:150px;padding-left:25px;grid-template-columns:minmax(0, 1fr);}.kb-row-layout-id13_520a14-db{background-image:url('https:\/\/unterkunft-brannenburg.de\/wp-content\/uploads\/2023\/10\/20230928_080124-scaled.jpg');background-size:cover;background-position:right center;background-attachment:scroll;background-repeat:no-repeat;}.kb-row-layout-id13_520a14-db > .kt-row-layout-overlay{opacity:1;background:linear-gradient(104deg, #000000 0%, rgba(255, 255, 255, 0) 69%);}.kb-row-layout-id13_520a14-db ,.kb-row-layout-id13_520a14-db h1,.kb-row-layout-id13_520a14-db h2,.kb-row-layout-id13_520a14-db h3,.kb-row-layout-id13_520a14-db h4,.kb-row-layout-id13_520a14-db h5,.kb-row-layout-id13_520a14-db h6{color:#ffffff;}@media all and (max-width: 1024px){.kb-row-layout-id13_520a14-db > .kt-row-column-wrap{grid-template-columns:minmax(0, 1fr);}}@media all and (max-width: 767px){.kb-row-layout-id13_520a14-db > .kt-row-column-wrap{padding-top:50px;padding-bottom:80px;grid-template-columns:minmax(0, 1fr);}.kb-row-layout-wrap.wp-block-kadence-rowlayout.kb-row-layout-id13_520a14-db{background-image:url('https:\/\/unterkunft-brannenburg.de\/wp-content\/uploads\/2023\/10\/20230928_080124-scaled.jpg');background-size:cover;background-position:center center;background-attachment:scroll;background-repeat:no-repeat;}.kb-row-layout-id13_520a14-db > .kt-row-layout-overlay{opacity:0.50;background:#000000;}}<\/style><div class=\"kb-row-layout-wrap kb-row-layout-id13_520a14-db alignfull kt-row-has-bg wp-block-kadence-rowlayout\"><div class=\"kt-row-layout-overlay kt-row-overlay-gradient\"><\/div><div class=\"kt-row-column-wrap kt-has-1-columns kt-row-layout-equal kt-tab-layout-inherit kt-mobile-layout-row kt-row-valign-top\">\n<style>.kadence-column13_25500e-0e > .kt-inside-inner-col,.kadence-column13_25500e-0e > .kt-inside-inner-col:before{border-top-left-radius:0px;border-top-right-radius:0px;border-bottom-right-radius:0px;border-bottom-left-radius:0px;}.kadence-column13_25500e-0e > .kt-inside-inner-col{column-gap:var(--global-kb-gap-sm, 1rem);}.kadence-column13_25500e-0e > .kt-inside-inner-col{flex-direction:column;}.kadence-column13_25500e-0e > .kt-inside-inner-col > .aligncenter{width:100%;}.kadence-column13_25500e-0e > .kt-inside-inner-col:before{opacity:0.3;}.kadence-column13_25500e-0e{position:relative;}@media all and (max-width: 1024px){.kadence-column13_25500e-0e > .kt-inside-inner-col{flex-direction:column;justify-content:center;}}@media all and (max-width: 767px){.kadence-column13_25500e-0e > .kt-inside-inner-col{flex-direction:column;justify-content:center;}}<\/style>\n<div class=\"wp-block-kadence-column kadence-column13_25500e-0e inner-column-1\"><div class=\"kt-inside-inner-col\"><style>.wp-block-kadence-advancedheading.kt-adv-heading13_05300e-5d, .wp-block-kadence-advancedheading.kt-adv-heading13_05300e-5d[data-kb-block=\"kb-adv-heading13_05300e-5d\"]{text-align:left;font-size:20px;font-weight:normal;font-style:normal;text-transform:uppercase;letter-spacing:4.7px;text-shadow:1px 1px 1px rgba(0, 0, 0, 0.2);}.wp-block-kadence-advancedheading.kt-adv-heading13_05300e-5d mark.kt-highlight, .wp-block-kadence-advancedheading.kt-adv-heading13_05300e-5d[data-kb-block=\"kb-adv-heading13_05300e-5d\"] mark.kt-highlight{font-weight:normal;font-style:normal;color:#f76a0c;-webkit-box-decoration-break:clone;box-decoration-break:clone;padding-top:0px;padding-right:0px;padding-bottom:0px;padding-left:0px;}.wp-block-kadence-advancedheading.kt-adv-heading13_05300e-5d img.kb-inline-image, .wp-block-kadence-advancedheading.kt-adv-heading13_05300e-5d[data-kb-block=\"kb-adv-heading13_05300e-5d\"] img.kb-inline-image{width:150px;vertical-align:baseline;}@media all and (max-width: 1024px){.wp-block-kadence-advancedheading.kt-adv-heading13_05300e-5d, .wp-block-kadence-advancedheading.kt-adv-heading13_05300e-5d[data-kb-block=\"kb-adv-heading13_05300e-5d\"]{text-shadow:1px 1px 1px rgba(0, 0, 0, 0.2);}}@media all and (max-width: 767px){.wp-block-kadence-advancedheading.kt-adv-heading13_05300e-5d, .wp-block-kadence-advancedheading.kt-adv-heading13_05300e-5d[data-kb-block=\"kb-adv-heading13_05300e-5d\"]{text-shadow:1px 1px 1px rgba(0, 0, 0, 0.2);}}<\/style>\n<h4 class=\"kt-adv-heading13_05300e-5d wp-block-kadence-advancedheading has-theme-palette-1-color has-text-color\" data-kb-block=\"kb-adv-heading13_05300e-5d\"><strong>Monteurzimmer &amp; Ferienwohnungen<\/strong><\/h4>\n\n\n<style>.wp-block-kadence-advancedheading.kt-adv-heading13_870da7-6d, .wp-block-kadence-advancedheading.kt-adv-heading13_870da7-6d[data-kb-block=\"kb-adv-heading13_870da7-6d\"]{margin-top:2px;margin-bottom:40px;text-align:left;font-size:60px;line-height:1.2em;font-weight:normal;font-style:normal;text-transform:none;color:#ffffff;text-shadow:1px 1px 1px rgba(0, 0, 0, 0.2);}.wp-block-kadence-advancedheading.kt-adv-heading13_870da7-6d mark.kt-highlight, .wp-block-kadence-advancedheading.kt-adv-heading13_870da7-6d[data-kb-block=\"kb-adv-heading13_870da7-6d\"] mark.kt-highlight{font-weight:normal;font-style:normal;color:#f76a0c;-webkit-box-decoration-break:clone;box-decoration-break:clone;padding-top:0px;padding-right:0px;padding-bottom:0px;padding-left:0px;}.wp-block-kadence-advancedheading.kt-adv-heading13_870da7-6d img.kb-inline-image, .wp-block-kadence-advancedheading.kt-adv-heading13_870da7-6d[data-kb-block=\"kb-adv-heading13_870da7-6d\"] img.kb-inline-image{width:150px;vertical-align:baseline;}@media all and (max-width: 1024px){.wp-block-kadence-advancedheading.kt-adv-heading13_870da7-6d, .wp-block-kadence-advancedheading.kt-adv-heading13_870da7-6d[data-kb-block=\"kb-adv-heading13_870da7-6d\"]{text-shadow:1px 1px 1px rgba(0, 0, 0, 0.2);}}@media all and (max-width: 767px){.wp-block-kadence-advancedheading.kt-adv-heading13_870da7-6d, .wp-block-kadence-advancedheading.kt-adv-heading13_870da7-6d[data-kb-block=\"kb-adv-heading13_870da7-6d\"]{text-shadow:1px 1px 1px rgba(0, 0, 0, 0.2);}}<\/style>\n<h1 class=\"kt-adv-heading13_870da7-6d wp-block-kadence-advancedheading\" data-kb-block=\"kb-adv-heading13_870da7-6d\">Unterkunft Brannenburg<\/h1>\n\n\n<style>.wp-block-kadence-advancedbtn.kb-btns13_cf65e0-fb{gap:0px;justify-content:flex-start;align-items:center;}.kt-btns13_cf65e0-fb .kt-button{font-weight:normal;font-style:normal;}<\/style>\n<div class=\"wp-block-kadence-advancedbtn kb-buttons-wrap kb-btns13_cf65e0-fb\"><style>ul.menu .wp-block-kadence-advancedbtn .kb-btn13_edb01c-fe.kb-button{width:initial;}.wp-block-kadence-advancedbtn .kb-btn13_edb01c-fe.kb-button{color:#ffffff;background:var(--global-palette1, #3182CE);font-weight:bold;text-transform:uppercase;border-top-left-radius:6px;border-top-right-radius:6px;border-bottom-right-radius:6px;border-bottom-left-radius:6px;border-top:0px solid #555555;border-right:0px solid #555555;border-bottom:0px solid #555555;border-left:0px solid #555555;margin-right:var(--global-kb-spacing-md, 2rem);}.wp-block-kadence-advancedbtn .kb-btn13_edb01c-fe.kb-button:hover, .wp-block-kadence-advancedbtn .kb-btn13_edb01c-fe.kb-button:focus{color:#ffffff;background:var(--global-palette2, #2B6CB0);border-top-color:#444444;border-top-style:solid;border-right-color:#444444;border-right-style:solid;border-bottom-color:#444444;border-bottom-style:solid;border-left-color:#444444;border-left-style:solid;}@media all and (max-width: 1024px){.wp-block-kadence-advancedbtn .kb-btn13_edb01c-fe.kb-button{border-top:0px solid #555555;border-right:0px solid #555555;border-bottom:0px solid #555555;border-left:0px solid #555555;}}@media all and (max-width: 1024px){.wp-block-kadence-advancedbtn .kb-btn13_edb01c-fe.kb-button:hover, .wp-block-kadence-advancedbtn .kb-btn13_edb01c-fe.kb-button:focus{border-top-color:#444444;border-top-style:solid;border-right-color:#444444;border-right-style:solid;border-bottom-color:#444444;border-bottom-style:solid;border-left-color:#444444;border-left-style:solid;}}@media all and (max-width: 767px){.wp-block-kadence-advancedbtn .kb-btn13_edb01c-fe.kb-button{border-top:0px solid #555555;border-right:0px solid #555555;border-bottom:0px solid #555555;border-left:0px solid #555555;margin-bottom:var(--global-kb-spacing-sm, 1.5rem);}.wp-block-kadence-advancedbtn .kb-btn13_edb01c-fe.kb-button:hover, .wp-block-kadence-advancedbtn .kb-btn13_edb01c-fe.kb-button:focus{border-top-color:#444444;border-top-style:solid;border-right-color:#444444;border-right-style:solid;border-bottom-color:#444444;border-bottom-style:solid;border-left-color:#444444;border-left-style:solid;}}<\/style><a class=\"kb-button kt-button button kb-btn13_edb01c-fe kt-btn-size-large kt-btn-width-type-auto kb-btn-global-fill  kt-btn-has-text-true kt-btn-has-svg-false  wp-block-kadence-singlebtn\" href=\"https:\/\/unterkunft-brannenburg.de\/?page_id=58\"><span class=\"kt-btn-inner-text\">Monteurzimmer ansehen<\/span><\/a>\n\n<style>ul.menu .wp-block-kadence-advancedbtn .kb-btn13_b62ef3-37.kb-button{width:initial;}.wp-block-kadence-advancedbtn .kb-btn13_b62ef3-37.kb-button{color:#ffffff;background:var(--global-palette1, #3182CE);font-weight:bold;text-transform:uppercase;border-top-left-radius:6px;border-top-right-radius:6px;border-bottom-right-radius:6px;border-bottom-left-radius:6px;border-top:0px solid #555555;border-right:0px solid #555555;border-bottom:0px solid #555555;border-left:0px solid #555555;}.wp-block-kadence-advancedbtn .kb-btn13_b62ef3-37.kb-button:hover, .wp-block-kadence-advancedbtn .kb-btn13_b62ef3-37.kb-button:focus{color:#ffffff;background:var(--global-palette2, #2B6CB0);border-top-color:#444444;border-top-style:solid;border-right-color:#444444;border-right-style:solid;border-bottom-color:#444444;border-bottom-style:solid;border-left-color:#444444;border-left-style:solid;}@media all and (max-width: 1024px){.wp-block-kadence-advancedbtn .kb-btn13_b62ef3-37.kb-button{border-top:0px solid #555555;border-right:0px solid #555555;border-bottom:0px solid #555555;border-left:0px solid #555555;}}@media all and (max-width: 1024px){.wp-block-kadence-advancedbtn .kb-btn13_b62ef3-37.kb-button:hover, .wp-block-kadence-advancedbtn .kb-btn13_b62ef3-37.kb-button:focus{border-top-color:#444444;border-top-style:solid;border-right-color:#444444;border-right-style:solid;border-bottom-color:#444444;border-bottom-style:solid;border-left-color:#444444;border-left-style:solid;}}@media all and (max-width: 767px){.wp-block-kadence-advancedbtn .kb-btn13_b62ef3-37.kb-button{border-top:0px solid #555555;border-right:0px solid #555555;border-bottom:0px solid #555555;border-left:0px solid #555555;}.wp-block-kadence-advancedbtn .kb-btn13_b62ef3-37.kb-button:hover, .wp-block-kadence-advancedbtn .kb-btn13_b62ef3-37.kb-button:focus{border-top-color:#444444;border-top-style:solid;border-right-color:#444444;border-right-style:solid;border-bottom-color:#444444;border-bottom-style:solid;border-left-color:#444444;border-left-style:solid;}}<\/style><a class=\"kb-button kt-button button kb-btn13_b62ef3-37 kt-btn-size-large kt-btn-width-type-auto kb-btn-global-fill  kt-btn-has-text-true kt-btn-has-svg-false  wp-block-kadence-singlebtn\" href=\"https:\/\/unterkunft-brannenburg.de\/?page_id=76\"><span class=\"kt-btn-inner-text\">Ferienwohnungen ansehen<\/span><\/a><\/div>\n<\/div><\/div>\n\n<\/div><\/div>\n\n<style>.kb-row-layout-wrap.wp-block-kadence-rowlayout.kb-row-layout-id13_9bceaa-11{margin-top:0px;margin-bottom:0px;}.kb-row-layout-id13_9bceaa-11 > .kt-row-column-wrap{align-content:center;}:where(.kb-row-layout-id13_9bceaa-11 > .kt-row-column-wrap) > .wp-block-kadence-column{justify-content:center;}.kb-row-layout-id13_9bceaa-11 > .kt-row-column-wrap{column-gap:var(--global-kb-gap-md, 2rem);row-gap:var(--global-kb-gap-md, 2rem);padding-top:0px;padding-bottom:0px;grid-template-columns:minmax(0, 1fr);}.kb-row-layout-id13_9bceaa-11 > .kt-row-layout-overlay{opacity:0.30;}@media all and (max-width: 1024px){.kb-row-layout-id13_9bceaa-11 > .kt-row-column-wrap{grid-template-columns:minmax(0, 1fr);}}@media all and (max-width: 767px){.kb-row-layout-id13_9bceaa-11 > .kt-row-column-wrap{max-width:100%;margin-left:auto;margin-right:auto;grid-template-columns:minmax(0, 1fr);}}<\/style><div class=\"kb-row-layout-wrap kb-row-layout-id13_9bceaa-11 alignfull has-theme-palette9-background-color kt-row-has-bg wp-block-kadence-rowlayout\"><div class=\"kt-row-column-wrap kt-has-1-columns kt-row-layout-equal kt-tab-layout-inherit kt-mobile-layout-row kt-row-valign-middle\">\n<style>.kadence-column13_2988af-90 > .kt-inside-inner-col,.kadence-column13_2988af-90 > .kt-inside-inner-col:before{border-top-left-radius:0px;border-top-right-radius:0px;border-bottom-right-radius:0px;border-bottom-left-radius:0px;}.kadence-column13_2988af-90 > .kt-inside-inner-col{column-gap:var(--global-kb-gap-sm, 1rem);}.kadence-column13_2988af-90 > .kt-inside-inner-col{flex-direction:column;}.kadence-column13_2988af-90 > .kt-inside-inner-col > .aligncenter{width:100%;}.kadence-column13_2988af-90 > .kt-inside-inner-col:before{opacity:0.3;}.kadence-column13_2988af-90{position:relative;}.kadence-column13_2988af-90, .kt-inside-inner-col > .kadence-column13_2988af-90:not(.specificity){margin-top:0px;}@media all and (max-width: 1024px){.kadence-column13_2988af-90 > .kt-inside-inner-col{flex-direction:column;justify-content:center;}}@media all and (max-width: 767px){.kadence-column13_2988af-90 > .kt-inside-inner-col{flex-direction:column;justify-content:center;}}<\/style>\n<div class=\"wp-block-kadence-column kadence-column13_2988af-90 inner-column-1\"><div class=\"kt-inside-inner-col\"><style>.kb-row-layout-wrap.wp-block-kadence-rowlayout.kb-row-layout-id13_215bac-63{margin-top:0px;}.kb-row-layout-id13_215bac-63 > .kt-row-column-wrap{align-content:start;}:where(.kb-row-layout-id13_215bac-63 > .kt-row-column-wrap) > .wp-block-kadence-column{justify-content:start;}.kb-row-layout-id13_215bac-63 > .kt-row-column-wrap{column-gap:var(--global-kb-gap-md, 2rem);row-gap:var(--global-kb-gap-md, 2rem);max-width:1200px;margin-left:auto;margin-right:auto;padding-top:0px;padding-right:0px;padding-bottom:0px;padding-left:0px;grid-template-columns:minmax(0, 1fr);}.kb-row-layout-id13_215bac-63 > .kt-row-layout-overlay{opacity:0.30;}.kb-row-layout-id13_215bac-63 ,.kb-row-layout-id13_215bac-63 h1,.kb-row-layout-id13_215bac-63 h2,.kb-row-layout-id13_215bac-63 h3,.kb-row-layout-id13_215bac-63 h4,.kb-row-layout-id13_215bac-63 h5,.kb-row-layout-id13_215bac-63 h6{color:#ffffff;}.kb-row-layout-id13_215bac-63 a{color:#ffffff;}.kb-row-layout-id13_215bac-63 a:hover{color:#ffffff;}@media all and (max-width: 1024px){.kb-row-layout-id13_215bac-63 > .kt-row-column-wrap{grid-template-columns:minmax(0, 1fr);}}@media all and (max-width: 767px){.kb-row-layout-id13_215bac-63 > .kt-row-column-wrap{grid-template-columns:minmax(0, 1fr);}}<\/style><div class=\"kb-row-layout-wrap kb-row-layout-id13_215bac-63 alignnone has-theme-palette4-background-color kt-row-has-bg wp-block-kadence-rowlayout\"><div class=\"kt-row-column-wrap kt-has-1-columns kt-row-layout-equal kt-tab-layout-inherit kt-mobile-layout-row kt-row-valign-top\">\n<style>.kadence-column13_ebdc83-dc > .kt-inside-inner-col,.kadence-column13_ebdc83-dc > .kt-inside-inner-col:before{border-top-left-radius:0px;border-top-right-radius:0px;border-bottom-right-radius:0px;border-bottom-left-radius:0px;}.kadence-column13_ebdc83-dc > .kt-inside-inner-col{column-gap:var(--global-kb-gap-sm, 1rem);}.kadence-column13_ebdc83-dc > .kt-inside-inner-col{flex-direction:column;}.kadence-column13_ebdc83-dc > .kt-inside-inner-col > .aligncenter{width:100%;}.kadence-column13_ebdc83-dc > .kt-inside-inner-col:before{opacity:0.3;}.kadence-column13_ebdc83-dc{position:relative;}@media all and (max-width: 1024px){.kadence-column13_ebdc83-dc > .kt-inside-inner-col{flex-direction:column;justify-content:center;}}@media all and (max-width: 767px){.kadence-column13_ebdc83-dc > .kt-inside-inner-col{flex-direction:column;justify-content:center;}}<\/style>\n<div class=\"wp-block-kadence-column kadence-column13_ebdc83-dc\"><div class=\"kt-inside-inner-col\">\n<p><br><br>Wir vermieten Ferienwohnungen und Unterk\u00fcnfte f\u00fcr Arbeiter\/Monteure in einem ehemaligen Bauernhaus in Brannenburg. Klicken Sie einfach oben auf die entsprechende Kategorie, um mehr \u00fcber die Unterkunft zu erfahren und Bilder anzusehen. Die  Mindestmietdauer betr\u00e4gt 3 \u00dcbernachtungen wegen der Kosten f\u00fcr Bettw\u00e4sche, Handt\u00fccher und Endreinigung, die bei uns inklusive sind. <br><br>Bei Fragen oder Interesse k\u00f6nnen Sie uns \u00fcber das folgende Formular kontaktieren oder erreichen uns telefonisch unter:<br><br>+49 171 2662950<br><br>+49 162 3153978<\/p>\n\n\n<style>.kadence-column13_e3a4d6-0d > .kt-inside-inner-col,.kadence-column13_e3a4d6-0d > .kt-inside-inner-col:before{border-top-left-radius:0px;border-top-right-radius:0px;border-bottom-right-radius:0px;border-bottom-left-radius:0px;}.kadence-column13_e3a4d6-0d > .kt-inside-inner-col{column-gap:var(--global-kb-gap-sm, 1rem);}.kadence-column13_e3a4d6-0d > .kt-inside-inner-col{flex-direction:column;}.kadence-column13_e3a4d6-0d > .kt-inside-inner-col > .aligncenter{width:100%;}.kadence-column13_e3a4d6-0d > .kt-inside-inner-col:before{opacity:0.3;}.kadence-column13_e3a4d6-0d{position:relative;}@media all and (max-width: 1024px){.kadence-column13_e3a4d6-0d > .kt-inside-inner-col{flex-direction:column;justify-content:center;}}@media all and (max-width: 767px){.kadence-column13_e3a4d6-0d > .kt-inside-inner-col{flex-direction:column;justify-content:center;}}<\/style>\n<div class=\"wp-block-kadence-column kadence-column13_e3a4d6-0d\"><div class=\"kt-inside-inner-col\"><style>.wp-block-kadence-form.kadence-form-13_ac8020-b4.kb-form-wrap{margin-bottom:var(--global-kb-spacing-xl, 4rem);}.kb-form input.kadence-blocks-field.verify{opacity:0.0;position:absolute;top:0.0;left:0.0;width:0.0;height:0.0;z-index:-1;}<\/style>\n<div class=\"wp-block-kadence-form kadence-form-13_ac8020-b4 kb-form-wrap\"><form class=\"kb-form\" action=\"\" method=\"post\"><div class=\"kadence-blocks-form-field kb-field-desk-width-100 kb-input-size-standard\"><label for=\"kb_field_13_ac8020-b4_0\">Name<\/label><input name=\"kb_field_0\" id=\"kb_field_13_ac8020-b4_0\" data-label=\"Name\" type=\"text\" placeholder=\"\" value=\"\" data-type=\"text\" class=\"kb-field kb-text-style-field kb-text-field kb-field-0\"\/><\/div><div class=\"kadence-blocks-form-field kb-form-field-1 kb-field-desk-width-100 kb-input-size-standard\"><label for=\"kb_field_13_ac8020-b4_1\">Email<span class=\"required\">*<\/span><\/label><input name=\"kb_field_1\" id=\"kb_field_13_ac8020-b4_1\" data-label=\"Email\" type=\"email\" placeholder=\"\" value=\"\" data-type=\"email\" class=\"kb-field kb-text-style-field kb-email-field kb-field-1\" data-required=\"yes\"\/><\/div><div class=\"kadence-blocks-form-field kb-form-field-2 kb-field-desk-width-100 kb-input-size-standard\"><label for=\"kb_field_13_ac8020-b4_2\">Nachricht<span class=\"required\">*<\/span><\/label><textarea name=\"kb_field_2\" id=\"kb_field_13_ac8020-b4_2\" data-label=\"Nachricht\" type=\"textarea\" placeholder=\"\" data-type=\"textarea\" class=\"kb-field kb-text-style-field kb-textarea-field kb-field-2\" rows=\"4\" data-required=\"yes\"><\/textarea><\/div><input type=\"hidden\" name=\"_kb_form_id\" value=\"13_ac8020-b4\"\/><input type=\"hidden\" name=\"_kb_form_post_id\" value=\"13\"\/><input type=\"hidden\" name=\"action\" value=\"kb_process_ajax_submit\"\/><label class=\"kadence-verify-label\">Email<input class=\"kadence-blocks-field verify\" type=\"text\" name=\"_kb_verify_email\" autocomplete=\"new-password\" aria-hidden=\"true\" placeholder=\"Email\" tabindex=\"-1\" data-1p-ignore=\"true\" data-lpignore=\"true\" \/><\/label><div class=\"kadence-blocks-form-field kb-submit-field kb-field-desk-width-100\"><button class=\"kb-forms-submit button kb-button-size-standard kb-button-width-auto\">Absenden<\/button><\/div><\/form><\/div>\n<noscript><div class=\"kadence-blocks-form-message kadence-blocks-form-warning\">Bitte aktiviere JavaScript in deinem Browser, um dieses Formular fertigzustellen.<\/div><style>.kadence-form-13_ac8020-b4 .kadence-blocks-form-field.kb-submit-field { display: none; }<\/style><\/noscript><\/div><\/div>\n<\/div><\/div>\n\n\n<style>.kadence-column13_9ee177-21 > .kt-inside-inner-col,.kadence-column13_9ee177-21 > .kt-inside-inner-col:before{border-top-left-radius:0px;border-top-right-radius:0px;border-bottom-right-radius:0px;border-bottom-left-radius:0px;}.kadence-column13_9ee177-21 > .kt-inside-inner-col{column-gap:var(--global-kb-gap-sm, 1rem);}.kadence-column13_9ee177-21 > .kt-inside-inner-col{flex-direction:column;}.kadence-column13_9ee177-21 > .kt-inside-inner-col > .aligncenter{width:100%;}.kadence-column13_9ee177-21 > .kt-inside-inner-col:before{opacity:0.3;}.kadence-column13_9ee177-21{position:relative;}@media all and (max-width: 1024px){.kadence-column13_9ee177-21 > .kt-inside-inner-col{flex-direction:column;justify-content:center;}}@media all and (max-width: 767px){.kadence-column13_9ee177-21 > .kt-inside-inner-col{flex-direction:column;justify-content:center;}}<\/style>\n<div class=\"wp-block-kadence-column kadence-column13_9ee177-21\"><div class=\"kt-inside-inner-col\">\n<h3 class=\"wp-block-heading\"><br><br><br><\/h3>\n<\/div><\/div>\n\n<\/div><\/div><\/div><\/div>\n\n<\/div><\/div>","protected":false},"excerpt":{"rendered":"<p>Monteurzimmer &amp; Ferienwohnungen Unterkunft Brannenburg Wir vermieten Ferienwohnungen und Unterk\u00fcnfte f\u00fcr Arbeiter\/Monteure in einem ehemaligen Bauernhaus in Brannenburg. Klicken Sie einfach oben auf die entsprechende Kategorie, um mehr \u00fcber die Unterkunft zu erfahren und Bilder anzusehen. Die Mindestmietdauer betr\u00e4gt 3 \u00dcbernachtungen wegen der Kosten f\u00fcr Bettw\u00e4sche, Handt\u00fccher und Endreinigung, die bei uns inklusive sind. Bei&#8230;<\/p>\n","protected":false},"author":1,"featured_media":0,"parent":0,"menu_order":0,"comment_status":"closed","ping_status":"closed","template":"","meta":{"_kad_post_transparent":"","_kad_post_title":"hide","_kad_post_layout":"fullwidth","_kad_post_sidebar_id":"","_kad_post_content_style":"unboxed","_kad_post_vertical_padding":"hide","_kad_post_feature":"hide","_kad_post_feature_position":"","_kad_post_header":false,"_kad_post_footer":false,"_kad_post_classname":"","footnotes":""},"class_list":["post-13","page","type-page","status-publish","hentry"],"_links":{"self":[{"href":"https:\/\/unterkunft-brannenburg.de\/index.php?rest_route=\/wp\/v2\/pages\/13","targetHints":{"allow":["GET"]}}],"collection":[{"href":"https:\/\/unterkunft-brannenburg.de\/index.php?rest_route=\/wp\/v2\/pages"}],"about":[{"href":"https:\/\/unterkunft-brannenburg.de\/index.php?rest_route=\/wp\/v2\/types\/page"}],"author":[{"embeddable":true,"href":"https:\/\/unterkunft-brannenburg.de\/index.php?rest_route=\/wp\/v2\/users\/1"}],"replies":[{"embeddable":true,"href":"https:\/\/unterkunft-brannenburg.de\/index.php?rest_route=%2Fwp%2Fv2%2Fcomments&post=13"}],"version-history":[{"count":15,"href":"https:\/\/unterkunft-brannenburg.de\/index.php?rest_route=\/wp\/v2\/pages\/13\/revisions"}],"predecessor-version":[{"id":182,"href":"https:\/\/unterkunft-brannenburg.de\/index.php?rest_route=\/wp\/v2\/pages\/13\/revisions\/182"}],"wp:attachment":[{"href":"https:\/\/unterkunft-brannenburg.de\/index.php?rest_route=%2Fwp%2Fv2%2Fmedia&parent=13"}],"curies":[{"name":"wp","href":"https:\/\/api.w.org\/{rel}","templated":true}]}}